{"id":18,"date":"2014-07-14T20:17:18","date_gmt":"2014-07-14T20:17:18","guid":{"rendered":"https:\/\/kivu.li\/wordpress\/?page_id=18"},"modified":"2020-03-11T10:10:06","modified_gmt":"2020-03-11T10:10:06","slug":"kivuli","status":"publish","type":"page","link":"https:\/\/kivu.li\/wordpress\/","title":{"rendered":"About"},"content":{"rendered":"<p>Kivuli heisst auf Suaheli Schatten. Schatten ist in heissen L\u00e4nder ein positiv gepr\u00e4gtes Wort. Schatten erm\u00f6glicht arbeiten im k\u00fchlen.<\/p>\n<p>Kivu.li erm\u00f6glicht\u00a0kleinen Projekten und Initiativen Ihren\u00a0Schatten ins Internet zu werfen &#8211; fast so einfach wie der Schatten f\u00e4llt, wenn man an der Sonne geht.<\/p>\n<hr \/>\n<p><em>Kivuli means shadow in Swahili. Shadow is a positve word in a hot country. Shadow enables to work in a cool environment.<\/em><\/p>\n<p><em>Kivu.li enables small projects and initiatives to throw their shadow in the internet &#8211; almost as easy as the shadow falls when one walks in the sun.<\/em><\/p>\n","protected":false},"excerpt":{"rendered":"<p>Kivuli heisst auf Suaheli Schatten. Schatten ist in heissen L\u00e4nder ein positiv gepr\u00e4gtes Wort. Schatten erm\u00f6glicht arbeiten im k\u00fchlen. Kivu.li erm\u00f6glicht\u00a0kleinen Projekten und Initiativen Ihren\u00a0Schatten ins Internet zu werfen &#8211; fast so einfach wie der Schatten f\u00e4llt, wenn man an der Sonne geht. Kivuli means shadow in Swahili. Shadow is a positve word in a &hellip; <\/p>\n<p class=\"link-more\"><a href=\"https:\/\/kivu.li\/wordpress\/\" class=\"more-link\">Continue reading<span class=\"screen-reader-text\"> &#8220;About&#8221;<\/span><\/a><\/p>\n","protected":false},"author":2,"featured_media":0,"parent":0,"menu_order":0,"comment_status":"closed","ping_status":"closed","template":"","meta":{"inline_featured_image":false,"footnotes":""},"class_list":["post-18","page","type-page","status-publish","hentry"],"yoast_head":"<!-- This site is optimized with the Yoast SEO plugin v27.4 - https:\/\/yoast.com\/product\/yoast-seo-wordpress\/ -->\n<title>About - kivuli<\/title>\n<meta name=\"robots\" content=\"index, follow, max-snippet:-1, max-image-preview:large, max-video-preview:-1\" \/>\n<link rel=\"canonical\" href=\"https:\/\/kivu.li\/wordpress\/\" \/>\n<meta property=\"og:locale\" content=\"en_US\" \/>\n<meta property=\"og:type\" content=\"article\" \/>\n<meta property=\"og:title\" content=\"About - kivuli\" \/>\n<meta property=\"og:description\" content=\"Kivuli heisst auf Suaheli Schatten. Schatten ist in heissen L\u00e4nder ein positiv gepr\u00e4gtes Wort. Schatten erm\u00f6glicht arbeiten im k\u00fchlen. Kivu.li erm\u00f6glicht\u00a0kleinen Projekten und Initiativen Ihren\u00a0Schatten ins Internet zu werfen &#8211; fast so einfach wie der Schatten f\u00e4llt, wenn man an der Sonne geht. Kivuli means shadow in Swahili. Shadow is a positve word in a &hellip; Continue reading &quot;About&quot;\" \/>\n<meta property=\"og:url\" content=\"https:\/\/kivu.li\/wordpress\/\" \/>\n<meta property=\"og:site_name\" content=\"kivuli\" \/>\n<meta property=\"article:modified_time\" content=\"2020-03-11T10:10:06+00:00\" \/>\n<meta name=\"twitter:card\" content=\"summary_large_image\" \/>\n<meta name=\"twitter:label1\" content=\"Est. reading time\" \/>\n\t<meta name=\"twitter:data1\" content=\"1 minute\" \/>\n<script type=\"application\/ld+json\" class=\"yoast-schema-graph\">{\"@context\":\"https:\\\/\\\/schema.org\",\"@graph\":[{\"@type\":\"WebPage\",\"@id\":\"https:\\\/\\\/kivu.li\\\/wordpress\\\/\",\"url\":\"https:\\\/\\\/kivu.li\\\/wordpress\\\/\",\"name\":\"About - kivuli\",\"isPartOf\":{\"@id\":\"https:\\\/\\\/kivu.li\\\/wordpress\\\/#website\"},\"datePublished\":\"2014-07-14T20:17:18+00:00\",\"dateModified\":\"2020-03-11T10:10:06+00:00\",\"breadcrumb\":{\"@id\":\"https:\\\/\\\/kivu.li\\\/wordpress\\\/#breadcrumb\"},\"inLanguage\":\"en-US\",\"potentialAction\":[{\"@type\":\"ReadAction\",\"target\":[\"https:\\\/\\\/kivu.li\\\/wordpress\\\/\"]}]},{\"@type\":\"BreadcrumbList\",\"@id\":\"https:\\\/\\\/kivu.li\\\/wordpress\\\/#breadcrumb\",\"itemListElement\":[{\"@type\":\"ListItem\",\"position\":1,\"name\":\"Home\",\"item\":\"https:\\\/\\\/kivu.li\\\/wordpress\\\/\"},{\"@type\":\"ListItem\",\"position\":2,\"name\":\"About\"}]},{\"@type\":\"WebSite\",\"@id\":\"https:\\\/\\\/kivu.li\\\/wordpress\\\/#website\",\"url\":\"https:\\\/\\\/kivu.li\\\/wordpress\\\/\",\"name\":\"kivuli\",\"description\":\"throw your shadow in the web\",\"potentialAction\":[{\"@type\":\"SearchAction\",\"target\":{\"@type\":\"EntryPoint\",\"urlTemplate\":\"https:\\\/\\\/kivu.li\\\/wordpress\\\/?s={search_term_string}\"},\"query-input\":{\"@type\":\"PropertyValueSpecification\",\"valueRequired\":true,\"valueName\":\"search_term_string\"}}],\"inLanguage\":\"en-US\"}]}<\/script>\n<!-- \/ Yoast SEO plugin. -->","yoast_head_json":{"title":"About - kivuli","robots":{"index":"index","follow":"follow","max-snippet":"max-snippet:-1","max-image-preview":"max-image-preview:large","max-video-preview":"max-video-preview:-1"},"canonical":"https:\/\/kivu.li\/wordpress\/","og_locale":"en_US","og_type":"article","og_title":"About - kivuli","og_description":"Kivuli heisst auf Suaheli Schatten. Schatten ist in heissen L\u00e4nder ein positiv gepr\u00e4gtes Wort. Schatten erm\u00f6glicht arbeiten im k\u00fchlen. Kivu.li erm\u00f6glicht\u00a0kleinen Projekten und Initiativen Ihren\u00a0Schatten ins Internet zu werfen &#8211; fast so einfach wie der Schatten f\u00e4llt, wenn man an der Sonne geht. Kivuli means shadow in Swahili. Shadow is a positve word in a &hellip; Continue reading \"About\"","og_url":"https:\/\/kivu.li\/wordpress\/","og_site_name":"kivuli","article_modified_time":"2020-03-11T10:10:06+00:00","twitter_card":"summary_large_image","twitter_misc":{"Est. reading time":"1 minute"},"schema":{"@context":"https:\/\/schema.org","@graph":[{"@type":"WebPage","@id":"https:\/\/kivu.li\/wordpress\/","url":"https:\/\/kivu.li\/wordpress\/","name":"About - kivuli","isPartOf":{"@id":"https:\/\/kivu.li\/wordpress\/#website"},"datePublished":"2014-07-14T20:17:18+00:00","dateModified":"2020-03-11T10:10:06+00:00","breadcrumb":{"@id":"https:\/\/kivu.li\/wordpress\/#breadcrumb"},"inLanguage":"en-US","potentialAction":[{"@type":"ReadAction","target":["https:\/\/kivu.li\/wordpress\/"]}]},{"@type":"BreadcrumbList","@id":"https:\/\/kivu.li\/wordpress\/#breadcrumb","itemListElement":[{"@type":"ListItem","position":1,"name":"Home","item":"https:\/\/kivu.li\/wordpress\/"},{"@type":"ListItem","position":2,"name":"About"}]},{"@type":"WebSite","@id":"https:\/\/kivu.li\/wordpress\/#website","url":"https:\/\/kivu.li\/wordpress\/","name":"kivuli","description":"throw your shadow in the web","potentialAction":[{"@type":"SearchAction","target":{"@type":"EntryPoint","urlTemplate":"https:\/\/kivu.li\/wordpress\/?s={search_term_string}"},"query-input":{"@type":"PropertyValueSpecification","valueRequired":true,"valueName":"search_term_string"}}],"inLanguage":"en-US"}]}},"_links":{"self":[{"href":"https:\/\/kivu.li\/wordpress\/wp-json\/wp\/v2\/pages\/18","targetHints":{"allow":["GET"]}}],"collection":[{"href":"https:\/\/kivu.li\/wordpress\/wp-json\/wp\/v2\/pages"}],"about":[{"href":"https:\/\/kivu.li\/wordpress\/wp-json\/wp\/v2\/types\/page"}],"author":[{"embeddable":true,"href":"https:\/\/kivu.li\/wordpress\/wp-json\/wp\/v2\/users\/2"}],"replies":[{"embeddable":true,"href":"https:\/\/kivu.li\/wordpress\/wp-json\/wp\/v2\/comments?post=18"}],"version-history":[{"count":7,"href":"https:\/\/kivu.li\/wordpress\/wp-json\/wp\/v2\/pages\/18\/revisions"}],"predecessor-version":[{"id":97,"href":"https:\/\/kivu.li\/wordpress\/wp-json\/wp\/v2\/pages\/18\/revisions\/97"}],"wp:attachment":[{"href":"https:\/\/kivu.li\/wordpress\/wp-json\/wp\/v2\/media?parent=18"}],"curies":[{"name":"wp","href":"https:\/\/api.w.org\/{rel}","templated":true}]}}