{"id":8,"date":"2016-12-14T16:20:41","date_gmt":"2016-12-14T16:20:41","guid":{"rendered":"https:\/\/kivu.li\/wordpress\/?page_id=8"},"modified":"2023-04-05T14:35:59","modified_gmt":"2023-04-05T14:35:59","slug":"we","status":"publish","type":"page","link":"https:\/\/kivu.li\/wordpress\/kivuli\/we\/","title":{"rendered":"We"},"content":{"rendered":"<p>Dein Projekt steht bei uns im Mittelpunkt. Das Arbeiten an Ihrer Internetpr\u00e4senz soll f\u00fcr dich keine H\u00fcrde\u00a0sein, dein Projekt bekannt zu machen. Einfachheit und Stabilit\u00e4t ist f\u00fcr uns eine Selbstverst\u00e4ndlichkeit. Wir arbeiten mit der bew\u00e4hrten CMS Plattform Software WordPress, welche wir auf unserem Hosting installieren. F\u00fcr das Hosting arbeiten wir mit der Fimra metanet.ch zusammen.<\/p>\n<p>Wir bieten dir Domain Registration und WordPress Hosting. Wir sind stets bestrebt eine ausgezeichnete Servicequalit\u00e4t zu gew\u00e4hrleisten. Das macht uns\u00a0zu Ihrem kompetenten Partner f\u00fcr deine Internetpr\u00e4senz. Unsere Referenzen zeigen wer uns vertraut.<\/p>\n<hr \/>\n<p><em>Your project is our focus. The work on your internet appearance should be no hassle to you to make your project public. Simplicity and stability are our core values. We use with the well known CMS Plattform Software WordPress, which we install on our Hosting for you. Our hosting partner is metanet.ch.<\/em><\/p>\n<p><em>We offer domain registration services and wordpress hosting. We are always eager to provide perfect service quality. We are therefore your competent partner for your internet presence. Please check our references to see who trusts us.<\/em><\/p>\n","protected":false},"excerpt":{"rendered":"<p>Dein Projekt steht bei uns im Mittelpunkt. Das Arbeiten an Ihrer Internetpr\u00e4senz soll f\u00fcr dich keine H\u00fcrde\u00a0sein, dein Projekt bekannt zu machen. Einfachheit und Stabilit\u00e4t ist f\u00fcr uns eine Selbstverst\u00e4ndlichkeit. Wir arbeiten mit der bew\u00e4hrten CMS Plattform Software WordPress, welche wir auf unserem Hosting installieren. F\u00fcr das Hosting arbeiten wir mit der Fimra metanet.ch zusammen. &hellip; <\/p>\n<p class=\"link-more\"><a href=\"https:\/\/kivu.li\/wordpress\/kivuli\/we\/\" class=\"more-link\">Continue reading<span class=\"screen-reader-text\"> &#8220;We&#8221;<\/span><\/a><\/p>\n","protected":false},"author":1,"featured_media":0,"parent":18,"menu_order":0,"comment_status":"closed","ping_status":"closed","template":"","meta":{"inline_featured_image":false,"footnotes":""},"class_list":["post-8","page","type-page","status-publish","hentry"],"yoast_head":"<!-- This site is optimized with the Yoast SEO plugin v27.4 - https:\/\/yoast.com\/product\/yoast-seo-wordpress\/ -->\n<title>We - kivuli<\/title>\n<meta name=\"robots\" content=\"index, follow, max-snippet:-1, max-image-preview:large, max-video-preview:-1\" \/>\n<link rel=\"canonical\" href=\"https:\/\/kivu.li\/wordpress\/kivuli\/we\/\" \/>\n<meta property=\"og:locale\" content=\"en_US\" \/>\n<meta property=\"og:type\" content=\"article\" \/>\n<meta property=\"og:title\" content=\"We - kivuli\" \/>\n<meta property=\"og:description\" content=\"Dein Projekt steht bei uns im Mittelpunkt. Das Arbeiten an Ihrer Internetpr\u00e4senz soll f\u00fcr dich keine H\u00fcrde\u00a0sein, dein Projekt bekannt zu machen. Einfachheit und Stabilit\u00e4t ist f\u00fcr uns eine Selbstverst\u00e4ndlichkeit. Wir arbeiten mit der bew\u00e4hrten CMS Plattform Software WordPress, welche wir auf unserem Hosting installieren. F\u00fcr das Hosting arbeiten wir mit der Fimra metanet.ch zusammen. &hellip; Continue reading &quot;We&quot;\" \/>\n<meta property=\"og:url\" content=\"https:\/\/kivu.li\/wordpress\/kivuli\/we\/\" \/>\n<meta property=\"og:site_name\" content=\"kivuli\" \/>\n<meta property=\"article:modified_time\" content=\"2023-04-05T14:35:59+00:00\" \/>\n<meta name=\"twitter:card\" content=\"summary_large_image\" \/>\n<meta name=\"twitter:label1\" content=\"Est. reading time\" \/>\n\t<meta name=\"twitter:data1\" content=\"1 minute\" \/>\n<script type=\"application\/ld+json\" class=\"yoast-schema-graph\">{\"@context\":\"https:\\\/\\\/schema.org\",\"@graph\":[{\"@type\":\"WebPage\",\"@id\":\"https:\\\/\\\/kivu.li\\\/wordpress\\\/kivuli\\\/we\\\/\",\"url\":\"https:\\\/\\\/kivu.li\\\/wordpress\\\/kivuli\\\/we\\\/\",\"name\":\"We - kivuli\",\"isPartOf\":{\"@id\":\"https:\\\/\\\/kivu.li\\\/wordpress\\\/#website\"},\"datePublished\":\"2016-12-14T16:20:41+00:00\",\"dateModified\":\"2023-04-05T14:35:59+00:00\",\"breadcrumb\":{\"@id\":\"https:\\\/\\\/kivu.li\\\/wordpress\\\/kivuli\\\/we\\\/#breadcrumb\"},\"inLanguage\":\"en-US\",\"potentialAction\":[{\"@type\":\"ReadAction\",\"target\":[\"https:\\\/\\\/kivu.li\\\/wordpress\\\/kivuli\\\/we\\\/\"]}]},{\"@type\":\"BreadcrumbList\",\"@id\":\"https:\\\/\\\/kivu.li\\\/wordpress\\\/kivuli\\\/we\\\/#breadcrumb\",\"itemListElement\":[{\"@type\":\"ListItem\",\"position\":1,\"name\":\"Home\",\"item\":\"https:\\\/\\\/kivu.li\\\/wordpress\\\/\"},{\"@type\":\"ListItem\",\"position\":2,\"name\":\"About\",\"item\":\"https:\\\/\\\/kivu.li\\\/wordpress\\\/\"},{\"@type\":\"ListItem\",\"position\":3,\"name\":\"We\"}]},{\"@type\":\"WebSite\",\"@id\":\"https:\\\/\\\/kivu.li\\\/wordpress\\\/#website\",\"url\":\"https:\\\/\\\/kivu.li\\\/wordpress\\\/\",\"name\":\"kivuli\",\"description\":\"throw your shadow in the web\",\"potentialAction\":[{\"@type\":\"SearchAction\",\"target\":{\"@type\":\"EntryPoint\",\"urlTemplate\":\"https:\\\/\\\/kivu.li\\\/wordpress\\\/?s={search_term_string}\"},\"query-input\":{\"@type\":\"PropertyValueSpecification\",\"valueRequired\":true,\"valueName\":\"search_term_string\"}}],\"inLanguage\":\"en-US\"}]}<\/script>\n<!-- \/ Yoast SEO plugin. -->","yoast_head_json":{"title":"We - kivuli","robots":{"index":"index","follow":"follow","max-snippet":"max-snippet:-1","max-image-preview":"max-image-preview:large","max-video-preview":"max-video-preview:-1"},"canonical":"https:\/\/kivu.li\/wordpress\/kivuli\/we\/","og_locale":"en_US","og_type":"article","og_title":"We - kivuli","og_description":"Dein Projekt steht bei uns im Mittelpunkt. Das Arbeiten an Ihrer Internetpr\u00e4senz soll f\u00fcr dich keine H\u00fcrde\u00a0sein, dein Projekt bekannt zu machen. Einfachheit und Stabilit\u00e4t ist f\u00fcr uns eine Selbstverst\u00e4ndlichkeit. Wir arbeiten mit der bew\u00e4hrten CMS Plattform Software WordPress, welche wir auf unserem Hosting installieren. F\u00fcr das Hosting arbeiten wir mit der Fimra metanet.ch zusammen. &hellip; Continue reading \"We\"","og_url":"https:\/\/kivu.li\/wordpress\/kivuli\/we\/","og_site_name":"kivuli","article_modified_time":"2023-04-05T14:35:59+00:00","twitter_card":"summary_large_image","twitter_misc":{"Est. reading time":"1 minute"},"schema":{"@context":"https:\/\/schema.org","@graph":[{"@type":"WebPage","@id":"https:\/\/kivu.li\/wordpress\/kivuli\/we\/","url":"https:\/\/kivu.li\/wordpress\/kivuli\/we\/","name":"We - kivuli","isPartOf":{"@id":"https:\/\/kivu.li\/wordpress\/#website"},"datePublished":"2016-12-14T16:20:41+00:00","dateModified":"2023-04-05T14:35:59+00:00","breadcrumb":{"@id":"https:\/\/kivu.li\/wordpress\/kivuli\/we\/#breadcrumb"},"inLanguage":"en-US","potentialAction":[{"@type":"ReadAction","target":["https:\/\/kivu.li\/wordpress\/kivuli\/we\/"]}]},{"@type":"BreadcrumbList","@id":"https:\/\/kivu.li\/wordpress\/kivuli\/we\/#breadcrumb","itemListElement":[{"@type":"ListItem","position":1,"name":"Home","item":"https:\/\/kivu.li\/wordpress\/"},{"@type":"ListItem","position":2,"name":"About","item":"https:\/\/kivu.li\/wordpress\/"},{"@type":"ListItem","position":3,"name":"We"}]},{"@type":"WebSite","@id":"https:\/\/kivu.li\/wordpress\/#website","url":"https:\/\/kivu.li\/wordpress\/","name":"kivuli","description":"throw your shadow in the web","potentialAction":[{"@type":"SearchAction","target":{"@type":"EntryPoint","urlTemplate":"https:\/\/kivu.li\/wordpress\/?s={search_term_string}"},"query-input":{"@type":"PropertyValueSpecification","valueRequired":true,"valueName":"search_term_string"}}],"inLanguage":"en-US"}]}},"_links":{"self":[{"href":"https:\/\/kivu.li\/wordpress\/wp-json\/wp\/v2\/pages\/8","targetHints":{"allow":["GET"]}}],"collection":[{"href":"https:\/\/kivu.li\/wordpress\/wp-json\/wp\/v2\/pages"}],"about":[{"href":"https:\/\/kivu.li\/wordpress\/wp-json\/wp\/v2\/types\/page"}],"author":[{"embeddable":true,"href":"https:\/\/kivu.li\/wordpress\/wp-json\/wp\/v2\/users\/1"}],"replies":[{"embeddable":true,"href":"https:\/\/kivu.li\/wordpress\/wp-json\/wp\/v2\/comments?post=8"}],"version-history":[{"count":8,"href":"https:\/\/kivu.li\/wordpress\/wp-json\/wp\/v2\/pages\/8\/revisions"}],"predecessor-version":[{"id":119,"href":"https:\/\/kivu.li\/wordpress\/wp-json\/wp\/v2\/pages\/8\/revisions\/119"}],"up":[{"embeddable":true,"href":"https:\/\/kivu.li\/wordpress\/wp-json\/wp\/v2\/pages\/18"}],"wp:attachment":[{"href":"https:\/\/kivu.li\/wordpress\/wp-json\/wp\/v2\/media?parent=8"}],"curies":[{"name":"wp","href":"https:\/\/api.w.org\/{rel}","templated":true}]}}